{"id":354,"date":"2015-09-21T20:20:59","date_gmt":"2015-09-21T20:20:59","guid":{"rendered":"http:\/\/www.esmer-benin.org\/?page_id=354"},"modified":"2017-04-06T09:21:31","modified_gmt":"2017-04-06T09:21:31","slug":"inscription","status":"publish","type":"page","link":"https:\/\/esmer-benin.org\/home\/inscription\/","title":{"rendered":"Inscription"},"content":{"rendered":"<p>Pour vous inscrire \u00e0 l&rsquo;ESMER, suivez les \u00e9tapes suivantes:<\/p>\n<ul>\n<li>Choisissez votre formation. <a href=\"http:\/\/www.esmer-benin.org\/formations\/\" target=\"_blank\">Voir la liste des formations<\/a><\/li>\n<li>T\u00e9l\u00e9chargez le formulaire de candidature associ\u00e9 \u00e0 la formation choisie. Il est disponible sur la page pr\u00e9sentant le d\u00e9tail des formations<\/li>\n<li>Remplissez le formulaire de candidature<\/li>\n<li>Renvoyez le formulaire rempli par email ou directement \u00e0 l&rsquo;ESMER.\n<ul>\n<li>Pour l&rsquo;envoi par email : Le formulaire \u00a0doit \u00eatre envoy\u00e9 \u00e0 l&rsquo;adresse infos@esmer-benin.org.<\/li>\n<li>Pour le d\u00e9p\u00f4t \u00e0 l&rsquo;ESMER : Nous sommes situ\u00e9s dans la 2\u00e8me rue apr\u00e8s MACELEC IITA Abomey-Calavi B\u00e9nin.<\/li>\n<\/ul>\n<\/li>\n<li>Une fois que votre candidature est accept\u00e9e, proc\u00e9dez \u00e0 votre inscription en fournissant un dossier comprenant:\n<ul>\n<li>La fiche portant l&rsquo;avis favorable de la commission p\u00e9dagogique de votre candidature.<\/li>\n<li>La liste des pi\u00e8ces \u00e0 fournir. <a href=\"http:\/\/www.esmer-benin.org\/home\/wp-content\/uploads\/2015\/09\/Pieces-a-fournir-esmer.pdf\">T\u00e9l\u00e9charger la liste des pi\u00e8ces \u00e0 fournir\u00a0<\/a><\/li>\n<\/ul>\n<\/li>\n<\/ul>\n<p>Les inscriptions se font au service scolarit\u00e9.<\/p>\n<ul>\n<li>Du lundi au vendredi de 08h \u00e0 12h et de 15h \u00e0 17h<\/li>\n<li>Le samedi de 09h \u00e0 12h<\/li>\n<\/ul>\n<h4><strong>Service renseignements<\/strong><\/h4>\n<p>Email: infos@esmer-benin.org<br \/>\nT\u00e9l Fixe: (+229) 21 00 79 15<br \/>\nPortable : (+229) 95 67 66 25<\/p>\n","protected":false},"excerpt":{"rendered":"<p>Pour vous inscrire \u00e0 l&rsquo;ESMER, suivez les \u00e9tapes suivantes: Choisissez votre formation. Voir la liste des formations T\u00e9l\u00e9chargez le formulaire de candidature associ\u00e9 \u00e0 la formation choisie. Il est disponible sur la page pr\u00e9sentant le d\u00e9tail des formations Remplissez le formulaire de candidature Renvoyez le formulaire rempli par email ou directement \u00e0 l&rsquo;ESMER. Pour l&rsquo;envoi&#8230;<\/p>\n","protected":false},"author":1,"featured_media":0,"parent":0,"menu_order":0,"comment_status":"closed","ping_status":"closed","template":"","meta":{"footnotes":""},"class_list":["post-354","page","type-page","status-publish","hentry"],"_links":{"self":[{"href":"https:\/\/esmer-benin.org\/home\/wp-json\/wp\/v2\/pages\/354","targetHints":{"allow":["GET"]}}],"collection":[{"href":"https:\/\/esmer-benin.org\/home\/wp-json\/wp\/v2\/pages"}],"about":[{"href":"https:\/\/esmer-benin.org\/home\/wp-json\/wp\/v2\/types\/page"}],"author":[{"embeddable":true,"href":"https:\/\/esmer-benin.org\/home\/wp-json\/wp\/v2\/users\/1"}],"replies":[{"embeddable":true,"href":"https:\/\/esmer-benin.org\/home\/wp-json\/wp\/v2\/comments?post=354"}],"version-history":[{"count":10,"href":"https:\/\/esmer-benin.org\/home\/wp-json\/wp\/v2\/pages\/354\/revisions"}],"predecessor-version":[{"id":1014,"href":"https:\/\/esmer-benin.org\/home\/wp-json\/wp\/v2\/pages\/354\/revisions\/1014"}],"wp:attachment":[{"href":"https:\/\/esmer-benin.org\/home\/wp-json\/wp\/v2\/media?parent=354"}],"curies":[{"name":"wp","href":"https:\/\/api.w.org\/{rel}","templated":true}]}}