{"id":2,"date":"2015-07-06T10:29:35","date_gmt":"2015-07-06T10:29:35","guid":{"rendered":"http:\/\/www.esmer-benin.org\/home\/?page_id=2"},"modified":"2015-10-14T13:17:16","modified_gmt":"2015-10-14T13:17:16","slug":"a-propos","status":"publish","type":"page","link":"https:\/\/esmer-benin.org\/home\/a-propos\/","title":{"rendered":"A propos"},"content":{"rendered":"<p>L\u2019Ecole Sup\u00e9rieure des M\u00e9tiers des Energies Renouvelables (ESMER), est la premi\u00e8re \u00e9cole de r\u00e9f\u00e9rence au B\u00e9nin sp\u00e9cialis\u00e9e dans la formation aux m\u00e9tiers des \u00e9nergies avec un accent particulier sur les \u00e9nergies renouvelables. La cr\u00e9ation de cette \u00e9cole vient \u00e0 point nomm\u00e9 pour pr\u00e9parer \u00e0 la transition \u00e9nerg\u00e9tique en dotant notre sous-r\u00e9gion de cadres\u00a0 scientifiques et techniques en g\u00e9nie des proc\u00e9d\u00e9s \u00e9nerg\u00e9tiques dans le domaine des \u00e9nergies renouvelables (solaire, \u00e9olienne, marine et biomasse et leur hybridation), de l\u2019efficacit\u00e9 \u00e9nerg\u00e9tique et du stockage de l\u2019\u00e9nergie. Ces derniers seront capables de conseiller en \u00e9nergies renouvelables, de conduire des travaux de construction de centrales solaires, \u00e9oliennes, bio\u00e9nerg\u00e9tiques\u00a0; d\u2019assurer le transport et la gestion durable de l\u2019\u00e9nergie et enfin d\u2019optimiser les syst\u00e8mes \u00e9nerg\u00e9tiques complexes.<\/p>\n","protected":false},"excerpt":{"rendered":"<p>L\u2019Ecole Sup\u00e9rieure des M\u00e9tiers des Energies Renouvelables (ESMER), est la premi\u00e8re \u00e9cole de r\u00e9f\u00e9rence au B\u00e9nin sp\u00e9cialis\u00e9e dans la formation aux m\u00e9tiers des \u00e9nergies avec un accent particulier sur les \u00e9nergies renouvelables. La cr\u00e9ation de cette \u00e9cole vient \u00e0 point nomm\u00e9 pour pr\u00e9parer \u00e0 la transition \u00e9nerg\u00e9tique en dotant notre sous-r\u00e9gion de cadres\u00a0 scientifiques et&#8230;<\/p>\n","protected":false},"author":1,"featured_media":0,"parent":0,"menu_order":0,"comment_status":"open","ping_status":"open","template":"templates\/a-propos.php","meta":{"footnotes":""},"class_list":["post-2","page","type-page","status-publish","hentry"],"_links":{"self":[{"href":"https:\/\/esmer-benin.org\/home\/wp-json\/wp\/v2\/pages\/2","targetHints":{"allow":["GET"]}}],"collection":[{"href":"https:\/\/esmer-benin.org\/home\/wp-json\/wp\/v2\/pages"}],"about":[{"href":"https:\/\/esmer-benin.org\/home\/wp-json\/wp\/v2\/types\/page"}],"author":[{"embeddable":true,"href":"https:\/\/esmer-benin.org\/home\/wp-json\/wp\/v2\/users\/1"}],"replies":[{"embeddable":true,"href":"https:\/\/esmer-benin.org\/home\/wp-json\/wp\/v2\/comments?post=2"}],"version-history":[{"count":4,"href":"https:\/\/esmer-benin.org\/home\/wp-json\/wp\/v2\/pages\/2\/revisions"}],"predecessor-version":[{"id":1045,"href":"https:\/\/esmer-benin.org\/home\/wp-json\/wp\/v2\/pages\/2\/revisions\/1045"}],"wp:attachment":[{"href":"https:\/\/esmer-benin.org\/home\/wp-json\/wp\/v2\/media?parent=2"}],"curies":[{"name":"wp","href":"https:\/\/api.w.org\/{rel}","templated":true}]}}