{"id":150,"date":"2015-08-04T18:55:38","date_gmt":"2015-08-04T18:55:38","guid":{"rendered":"http:\/\/www.esmer-benin.org\/?page_id=150"},"modified":"2016-07-04T17:15:27","modified_gmt":"2016-07-04T17:15:27","slug":"comprendre-les-energies-renouvelables","status":"publish","type":"page","link":"https:\/\/esmer-benin.org\/home\/comprendre-les-energies-renouvelables\/","title":{"rendered":"Comprendre les \u00e9nergies renouvelables"},"content":{"rendered":"<p>On appelle \u00ab\u00a0Sources d\u2019\u00e9nergie renouvelables\u00a0\u00bb ou \u00ab\u00a0\u00e9nergies d\u2019origine renouvelables\u00a0\u00bb ou simplement \u00ab\u00a0Energies Renouvelables\u00a0\u00bb, en abr\u00e9g\u00e9 ENR, des sources d\u2019\u00e9nergie dont le renouvellement naturel est assez rapide et permanente par opposition aux sources non renouvelables dont les stocks s\u2019\u00e9puisent telles que les \u00e9nergies traditionnelles\u00a0: gaz, fioul, charbon, l&rsquo;\u00e9lectricit\u00e9 provenant du nucl\u00e9aire ou encore du thermique.<\/p>\n<p>On qualifie les \u00e9nergies renouvelables d\u2019\u00e9nergies \u201cflux\u201d par opposition aux \u00e9nergies \u201cstock\u201d, elles-m\u00eames constitu\u00e9es de gisements limit\u00e9s de combustibles fossiles : p\u00e9trole, charbon, gaz, uranium.<\/p>\n<figure><a href=\"http:\/\/www.esmer-benin.org\/home\/wp-content\/uploads\/2015\/08\/flux-stock.jpg\"><img loading=\"lazy\" decoding=\"async\" width=\"765\" height=\"133\" class=\"alignnone size-full wp-image-156\" src=\"http:\/\/www.esmer-benin.org\/home\/wp-content\/uploads\/2015\/08\/flux-stock.jpg\" alt=\"flux-stock\" srcset=\"https:\/\/esmer-benin.org\/home\/wp-content\/uploads\/2015\/08\/flux-stock.jpg 765w, https:\/\/esmer-benin.org\/home\/wp-content\/uploads\/2015\/08\/flux-stock-300x52.jpg 300w\" sizes=\"auto, (max-width: 765px) 100vw, 765px\" \/><\/a><\/figure>\n<p>Ce sont des \u00e9nergies in\u00e9puisables. Fournies par le soleil, le vent, la chaleur de la Terre, les chutes d\u2019eau, les mar\u00e9es ou encore la croissance des v\u00e9g\u00e9taux, leur exploitation n\u2019engendre pas ou peu de d\u00e9chets et d\u2019\u00e9missions polluantes. Ce sont les \u00e9nergies de l\u2019avenir. Aujourd&rsquo;hui, les sont sous-exploit\u00e9es par rapport \u00e0 leur potentiel. Ainsi, les \u00e9nergies renouvelables couvrent seulement 20 % de la <a href=\"http:\/\/www.esmer-benin.org\/home\/wp-content\/uploads\/2015\/08\/15e-inventaire-Chap03-3.10.0-AfSubSahara.pdf\" target=\"_blank\">consommation mondiale d\u2019\u00e9lectricit\u00e9<\/a>.<\/p>\n<h3><strong>Quel est l\u2019int\u00e9r\u00eat d\u2019exploiter les \u00e9nergies renouvelables ?<\/strong><\/h3>\n<ul>\n<li>Surnomm\u00e9es \u00ab\u00a0\u00e9nergies propres\u00a0\u00bb ou \u00ab\u00a0\u00e9nergies vertes\u00a0\u00bb,<strong>\u00a0leur exploitation engendre tr\u00e8s peu de d\u00e9chets et d&rsquo;\u00e9missions polluantes<\/strong>. En cons\u00e9quence en utilisant les \u00e9nergies renouvelables, on lutte contre l\u2019effet de serre, en r\u00e9duisant notamment les rejets de gaz carbonique dans l\u2019atmosph\u00e8re.<\/li>\n<li>En d\u00e9veloppement dans le monde entier, les \u00e9nergies renouvelables permettent de g\u00e9rer de fa\u00e7on intelligente les ressources locales et de cr\u00e9er des emplois. En pleine croissance, le secteur des\u00a0<strong>\u00e9nergies renouvelables<\/strong>\u00a0repr\u00e9sente pr\u00e8s de 90 000\u00a0<strong>emplois<\/strong>\u00a0en France. De nombreux postes en CDD et CDI sont \u00e0 pourvoir.<\/li>\n<li>L\u2019utilisation des ENR permet \u00e9galement de r\u00e9duire le co\u00fbt \u00e9nerg\u00e9tique de nos d\u00e9penses d&rsquo;\u00e9nergie.<\/li>\n<\/ul>\n<h3><strong>Quelles sont les diff\u00e9rents types de sources d\u2019\u00e9nergie renouvelables\u00a0?<\/strong><\/h3>\n<p><strong>L&rsquo;\u00e9nergie hydraulique<\/strong><\/p>\n<p>La force de l&rsquo;eau des chutes retenue par des barrages ou celle qui alimente les am\u00e9nagements \u00ab\u00a0au fil de l\u2019eau\u00a0\u00bb fait tourner les turbines des centrales pour produire de l&rsquo;\u00e9lectricit\u00e9.\u00a0Celle-ci est inject\u00e9e dans le r\u00e9seau ou alimente des sites qui n\u2019y sont pas raccord\u00e9s. Les petites centrales avec les <strong>grands barrages et les usines mar\u00e9motrices<\/strong> forment la fili\u00e8re hydraulique, deuxi\u00e8me <a href=\"http:\/\/www.esmer-benin.org\/home\/wp-content\/uploads\/2015\/08\/15e-inventaire-Chap03-3.10.0-AfSubSahara.pdf\" target=\"_blank\">source d\u2019\u00e9nergie renouvelable dans le monde<\/a>.<\/p>\n<p><strong>L&rsquo;\u00e9nergie \u00e9olienne<\/strong><\/p>\n<p>L&rsquo;\u00e9nergie \u00e9olienne est produite gr\u00e2ce \u00e0 la\u00a0<strong>force exerc\u00e9e par le vent sur les pales d&rsquo;une h\u00e9lice<\/strong>. Cette h\u00e9lice est mont\u00e9e sur un m\u00e2t de 50 \u00e0 110 m\u00e8tres de haut, et le diam\u00e8tre du cercle balay\u00e9 par les 3 pales varie de 40 \u00e0 120 m\u00e8tres. Les a\u00e9rog\u00e9n\u00e9rateurs, mis en mouvement par le vent, fabriquent des dizaines de millions de m\u00e9gawattheures. Utile dans les sites isol\u00e9s, cette \u00e9lectricit\u00e9 alimente aussi les grands r\u00e9seaux de distribution. Les \u00e9oliennes m\u00e9caniques servent \u00e0 pomper de l&rsquo;eau dans de nombreux pays.<\/p>\n<p><strong>L&rsquo;\u00e9nergie solaire<\/strong><\/p>\n<p style=\"text-align: justify; background: white; margin: 0cm 0cm 11.25pt 0cm;\">Les rayons du soleil chauffent l&rsquo;eau gr\u00e2ce \u00e0 des capteurs solaires ou fournissent de l&rsquo;\u00e9lectricit\u00e9 gr\u00e2ce \u00e0 des cellules photovolta\u00efques ou des centrales solaires.<\/p>\n<ul>\n<li style=\"text-align: justify; background: white; margin: 0cm 0cm 11.25pt 0cm;\">Le solaire photovolta\u00efque:\u00a0Des modules solaires produisent de l\u2019\u00e9lectricit\u00e9 \u00e0 partir de la lumi\u00e8re du soleil. Ils alimentent des sites isol\u00e9s ou le r\u00e9seau de distribution g\u00e9n\u00e9ral. L\u2019int\u00e9gration \u00e0 l\u2019architecture est l\u2019avenir du photovolta\u00efque dans le monde.<\/li>\n<li style=\"text-align: justify; background: white; margin: 0cm 0cm 11.25pt 0cm;\">Le solaire thermique:\u00a0Les capteurs solaires produisent de l\u2019eau chaude sanitaire. Ils peuvent \u00eatre aussi utilis\u00e9s pour le chauffage, id\u00e9alement par le sol. Plusieurs dizaines de millions de m\u00e8tres carr\u00e9s de capteurs sont install\u00e9s dans le monde. Les capteurs solaires dits \u201chaute temp\u00e9rature\u201d produisent de l\u2019\u00e9lectricit\u00e9 par vapeur interpos\u00e9e : quelques grandes centrales de ce type existent dans le monde.Bien que l\u2019Afrique sub-Saharienne soit dot\u00e9e d\u2019un fort potentiel, elle reste est mal class\u00e9e au niveau mondial de production de <a href=\"http:\/\/www.esmer-benin.org\/home\/wp-content\/uploads\/2015\/08\/La-production-de-l\u00e9lectricit\u00e9-dorigine-renouvelable-dans-le-monde-1.pdf\" target=\"_blank\">l\u2019\u00e9lectricit\u00e9 d\u2019origine solaire et \u00e9olien<\/a>.<\/li>\n<\/ul>\n<p><strong>L&rsquo;\u00e9nergie de la g\u00e9othermie<\/strong><\/p>\n<p>La chaleur du sous-sol chauffe directement l&rsquo;eau ou fait tourner les turbines des centrales pour produire de l&rsquo;\u00e9lectricit\u00e9. Avec une temp\u00e9rature moyenne ou faible, on chauffe des locaux.<\/p>\n<p><strong>L&rsquo;\u00e9nergie de la biomasse<\/strong><\/p>\n<p>On appelle \u00ab\u00a0biomasse\u00a0\u00bb l&rsquo;ensemble de la\u00a0<strong>mati\u00e8re v\u00e9g\u00e9tale<\/strong>\u00a0qui constitue une importante r\u00e9serve d&rsquo;\u00e9nergie capt\u00e9e par photosynth\u00e8se \u00e0 partir du soleil. L&rsquo;utilisation de la biomasse \u00e0 des fins \u00e9nerg\u00e9tiques permet de diversifier les sources d&rsquo;\u00e9nergie, de gagner en autonomie par rapport aux \u00e9nergies fossiles et de r\u00e9duire les \u00e9missions de gaz \u00e0 effet de serre. Aujourd&rsquo;hui, pour la production d&rsquo;\u00e9nergie, on utilise des produits v\u00e9g\u00e9taux \u00ab\u00a0nobles\u00a0\u00bb (betterave, bl\u00e9, colza, etc.) mais aussi des d\u00e9chets v\u00e9g\u00e9taux (paille) ou animaux (lisiers).<\/p>\n<p>La combustion de la mati\u00e8re organique (plantes, arbres, d\u00e9chets animaux, agricoles ou urbains) produit de la chaleur ou de l&rsquo;\u00e9lectricit\u00e9.<\/p>\n<p>La <strong>biomasse<\/strong> (masse des v\u00e9g\u00e9taux) r\u00e9unit le bois, la paille, les rafles de ma\u00efs, le biogaz et les biocarburants<\/p>\n<p><strong>Le bois \u00e9nergie<\/strong> repr\u00e9sente 14 % de la consommation \u00e9nerg\u00e9tique mondiale. Issu des d\u00e9chets de la for\u00eat ou des industries du bois, il est br\u00fbl\u00e9 pour produire de la chaleur.<\/p>\n<p><strong>Le biogaz<\/strong> est issu de la fermentation des d\u00e9chets organiques. Sa combustion produit de la chaleur, mais \u00e9galement de l\u2019\u00e9lectricit\u00e9 par cog\u00e9n\u00e9ration.<\/p>\n<p><strong>Les biocarburants<\/strong> proviennent de plantes cultiv\u00e9es (tournesol, betterave, colza\u2026).<\/p>\n<p>Le biodiesel (ou ester m\u00e9thylique d\u2019huile v\u00e9g\u00e9tale, EMHV), l\u2019\u00e9thanol, et son d\u00e9riv\u00e9, l\u2019\u00e9thyl-tertio-butyl-ether, l&rsquo;ETBE sont les plus courants. Il sont m\u00e9lang\u00e9s \u00e0 de l\u2019essence ou \u00e0 du gazole.<\/p>\n<div id=\"dc_vk_code\" style=\"display: none;\"><\/div>\n","protected":false},"excerpt":{"rendered":"<p>On appelle \u00ab\u00a0Sources d\u2019\u00e9nergie renouvelables\u00a0\u00bb ou \u00ab\u00a0\u00e9nergies d\u2019origine renouvelables\u00a0\u00bb ou simplement \u00ab\u00a0Energies Renouvelables\u00a0\u00bb, en abr\u00e9g\u00e9 ENR, des sources d\u2019\u00e9nergie dont le renouvellement naturel est assez rapide et permanente par opposition aux sources non renouvelables dont les stocks s\u2019\u00e9puisent telles que les \u00e9nergies traditionnelles\u00a0: gaz, fioul, charbon, l&rsquo;\u00e9lectricit\u00e9 provenant du nucl\u00e9aire ou encore du thermique. On&#8230;<\/p>\n","protected":false},"author":1,"featured_media":155,"parent":0,"menu_order":0,"comment_status":"closed","ping_status":"closed","template":"","meta":{"footnotes":""},"class_list":["post-150","page","type-page","status-publish","has-post-thumbnail","hentry"],"_links":{"self":[{"href":"https:\/\/esmer-benin.org\/home\/wp-json\/wp\/v2\/pages\/150","targetHints":{"allow":["GET"]}}],"collection":[{"href":"https:\/\/esmer-benin.org\/home\/wp-json\/wp\/v2\/pages"}],"about":[{"href":"https:\/\/esmer-benin.org\/home\/wp-json\/wp\/v2\/types\/page"}],"author":[{"embeddable":true,"href":"https:\/\/esmer-benin.org\/home\/wp-json\/wp\/v2\/users\/1"}],"replies":[{"embeddable":true,"href":"https:\/\/esmer-benin.org\/home\/wp-json\/wp\/v2\/comments?post=150"}],"version-history":[{"count":9,"href":"https:\/\/esmer-benin.org\/home\/wp-json\/wp\/v2\/pages\/150\/revisions"}],"predecessor-version":[{"id":676,"href":"https:\/\/esmer-benin.org\/home\/wp-json\/wp\/v2\/pages\/150\/revisions\/676"}],"wp:featuredmedia":[{"embeddable":true,"href":"https:\/\/esmer-benin.org\/home\/wp-json\/wp\/v2\/media\/155"}],"wp:attachment":[{"href":"https:\/\/esmer-benin.org\/home\/wp-json\/wp\/v2\/media?parent=150"}],"curies":[{"name":"wp","href":"https:\/\/api.w.org\/{rel}","templated":true}]}}