{"id":120,"date":"2015-07-26T20:23:07","date_gmt":"2015-07-26T20:23:07","guid":{"rendered":"http:\/\/www.esmer-benin.org\/home\/?page_id=120"},"modified":"2016-04-22T16:55:20","modified_gmt":"2016-04-22T16:55:20","slug":"le-csp","status":"publish","type":"page","link":"https:\/\/esmer-benin.org\/home\/le-csp\/","title":{"rendered":"Le Conseil Scientifique et P\u00e9dagogique"},"content":{"rendered":"<p><span style=\"font-size: medium;\">Notre\u00a0Conseil Scientifique et P\u00e9dagogique est\u00a0compos\u00e9 d\u2019\u00e9minents experts de renomm\u00e9e internationale. Ce sont des hommes d\u2019une qualit\u00e9 acad\u00e9mique exceptionnelle, excellents dans leur domaine et ouverts \u00e0 l\u2019innovation.<\/span><\/p>\n","protected":false},"excerpt":{"rendered":"<p>Notre\u00a0Conseil Scientifique et P\u00e9dagogique est\u00a0compos\u00e9 d\u2019\u00e9minents experts de renomm\u00e9e internationale. Ce sont des hommes d\u2019une qualit\u00e9 acad\u00e9mique exceptionnelle, excellents dans leur domaine et ouverts \u00e0 l\u2019innovation.<\/p>\n","protected":false},"author":1,"featured_media":0,"parent":0,"menu_order":0,"comment_status":"open","ping_status":"open","template":"templates\/nos-enseignants.php","meta":{"footnotes":""},"class_list":["post-120","page","type-page","status-publish","hentry"],"_links":{"self":[{"href":"https:\/\/esmer-benin.org\/home\/wp-json\/wp\/v2\/pages\/120","targetHints":{"allow":["GET"]}}],"collection":[{"href":"https:\/\/esmer-benin.org\/home\/wp-json\/wp\/v2\/pages"}],"about":[{"href":"https:\/\/esmer-benin.org\/home\/wp-json\/wp\/v2\/types\/page"}],"author":[{"embeddable":true,"href":"https:\/\/esmer-benin.org\/home\/wp-json\/wp\/v2\/users\/1"}],"replies":[{"embeddable":true,"href":"https:\/\/esmer-benin.org\/home\/wp-json\/wp\/v2\/comments?post=120"}],"version-history":[{"count":11,"href":"https:\/\/esmer-benin.org\/home\/wp-json\/wp\/v2\/pages\/120\/revisions"}],"predecessor-version":[{"id":609,"href":"https:\/\/esmer-benin.org\/home\/wp-json\/wp\/v2\/pages\/120\/revisions\/609"}],"wp:attachment":[{"href":"https:\/\/esmer-benin.org\/home\/wp-json\/wp\/v2\/media?parent=120"}],"curies":[{"name":"wp","href":"https:\/\/api.w.org\/{rel}","templated":true}]}}